{"id":306,"date":"2024-01-25T20:22:42","date_gmt":"2024-01-25T20:22:42","guid":{"rendered":"https:\/\/solucionurbana.com.co\/site\/?page_id=306"},"modified":"2024-01-25T20:22:43","modified_gmt":"2024-01-25T20:22:43","slug":"306-2","status":"publish","type":"page","link":"https:\/\/www.solucionurbana.com.co\/site\/306-2\/","title":{"rendered":""},"content":{"rendered":"\n<div class=\"wp-block-columns is-layout-flex wp-container-core-columns-is-layout-9d6595d7 wp-block-columns-is-layout-flex\">\n<div class=\"wp-block-column is-layout-flow wp-block-column-is-layout-flow\" style=\"flex-basis:70%\"><div  class=\"ultp-post-grid-block wp-block-ultimate-post-post-list-1 ultp-block-e1cd58\"><div class=\"ultp-block-wrapper\"><div class=\"ultp-loading\"><div class=\"ultp-loading-blocks\" style=\"width:100%;height:100%;\"><div style=\"left: 0;top: 0;animation-delay:0s;\"><\/div><div style=\"left: 21px;top: 0;animation-delay:0.125s;\"><\/div><div style=\"left: 42px;top: 0;animation-delay:0.25s;\"><\/div><div style=\"left: 0;top: 21px;animation-delay:0.875s;\"><\/div><div style=\"left: 42px;top: 21px;animation-delay:0.375s;\"><\/div><div style=\"left: 0;top: 42px;animation-delay:0.75s;\"><\/div><div style=\"left: 42px;top: 42px;animation-delay:0.625s;\"><\/div><div style=\"left: 21px;top: 42px;animation-delay:0.5s;\"><\/div><\/div><\/div><div class=\"ultp-heading-filter\"><div class=\"ultp-heading-filter-in\"><div class=\"ultp-heading-wrap ultp-heading-style1 ultp-heading-left\"><h2 class=\"ultp-heading-inner\"><span><strong>INMOBILIARIO Y URBAN\u00cdSTICO<\/strong><\/span><\/h2><\/div><div class=\"ultp-filter-navigation\"><\/div><\/div><\/div><div class=\"ultp-block-items-wrap ultp-block-row ultp-block-column-2 ultp-pl1a-style1 ultp-post-list1-layout1\"><div class=\"ultp-block-item post-id-299\"><div class=\"ultp-block-content-wrap\"><div class=\"ultp-block-entry-content\"><div class=\"ultp-block-entry-heading\"><h3 class=\"ultp-block-title \"><a href=\"https:\/\/www.solucionurbana.com.co\/site\/2024\/01\/25\/gestion-legal-ambiental-de-proyectos-de-construccion\/\" >Gesti\u00f3n legal ambiental de proyectos de construcci\u00f3n<\/a><\/h3><\/div><\/div><div class=\"ultp-block-content\"><div class=\"ultp-block-excerpt\"><p>Autorizaciones, concesiones y permisos para uso de recursos naturales. \u00a0Regularizaci\u00f3n de antenas de&hellip;<\/p>\n<\/div><div class=\"ultp-block-readmore\"><a aria-label=\"Gesti\u00f3n legal ambiental de proyectos de construcci\u00f3n\" href=\"https:\/\/www.solucionurbana.com.co\/site\/2024\/01\/25\/gestion-legal-ambiental-de-proyectos-de-construccion\/\" >Leer m\u00e1s<svg xmlns=\"http:\/\/www.w3.org\/2000\/svg\" fill=\"none\" viewBox=\"0 0 24 24\">\n  <path stroke=\"currentColor\" stroke-linecap=\"round\" stroke-linejoin=\"round\" stroke-width=\"1.5\" d=\"m12 20.5 8.5-8.5m0 0L12 3.5m8.5 8.5h-17\"\/>\n<\/svg>\n<\/a><\/div><\/div><\/div><\/div><div class=\"ultp-block-item post-id-297\"><div class=\"ultp-block-content-wrap\"><div class=\"ultp-block-entry-content\"><div class=\"ultp-block-entry-heading\"><h3 class=\"ultp-block-title \"><a href=\"https:\/\/www.solucionurbana.com.co\/site\/2024\/01\/25\/saneamiento-juridico-y-tecnico-de-inmuebles-avaluos\/\" >Saneamiento jur\u00eddico y t\u00e9cnico de inmuebles. Aval\u00faos<\/a><\/h3><\/div><\/div><div class=\"ultp-block-content\"><div class=\"ultp-block-excerpt\"><p>Saneamiento jur\u00eddico y t\u00e9cnico de inmuebles, gesti\u00f3n predial para proyectos inmobiliarios, tr\u00e1mites catastrales,&hellip;<\/p>\n<\/div><div class=\"ultp-block-readmore\"><a aria-label=\"Saneamiento jur\u00eddico y t\u00e9cnico de inmuebles. Aval\u00faos\" href=\"https:\/\/www.solucionurbana.com.co\/site\/2024\/01\/25\/saneamiento-juridico-y-tecnico-de-inmuebles-avaluos\/\" >Leer m\u00e1s<svg xmlns=\"http:\/\/www.w3.org\/2000\/svg\" fill=\"none\" viewBox=\"0 0 24 24\">\n  <path stroke=\"currentColor\" stroke-linecap=\"round\" stroke-linejoin=\"round\" stroke-width=\"1.5\" d=\"m12 20.5 8.5-8.5m0 0L12 3.5m8.5 8.5h-17\"\/>\n<\/svg>\n<\/a><\/div><\/div><\/div><\/div><div class=\"ultp-block-item post-id-295\"><div class=\"ultp-block-content-wrap\"><div class=\"ultp-block-entry-content\"><div class=\"ultp-block-entry-heading\"><h3 class=\"ultp-block-title \"><a href=\"https:\/\/www.solucionurbana.com.co\/site\/2024\/01\/25\/due-diligence-inmobiliario-y-urbanistico-para-sus-proyectos\/\" >Due diligence inmobiliario y urban\u00edstico para sus proyectos<\/a><\/h3><\/div><\/div><div class=\"ultp-block-content\"><div class=\"ultp-block-excerpt\"><p>En lo inmobiliario: Estudios de t\u00edtulos, asesor\u00eda en negociaciones, planes de expansi\u00f3n de&hellip;<\/p>\n<\/div><div class=\"ultp-block-readmore\"><a aria-label=\"Due diligence inmobiliario y urban\u00edstico para sus proyectos\" href=\"https:\/\/www.solucionurbana.com.co\/site\/2024\/01\/25\/due-diligence-inmobiliario-y-urbanistico-para-sus-proyectos\/\" >Leer m\u00e1s<svg xmlns=\"http:\/\/www.w3.org\/2000\/svg\" fill=\"none\" viewBox=\"0 0 24 24\">\n  <path stroke=\"currentColor\" stroke-linecap=\"round\" stroke-linejoin=\"round\" stroke-width=\"1.5\" d=\"m12 20.5 8.5-8.5m0 0L12 3.5m8.5 8.5h-17\"\/>\n<\/svg>\n<\/a><\/div><\/div><\/div><\/div><div class=\"ultp-block-item post-id-293\"><div class=\"ultp-block-content-wrap\"><div class=\"ultp-block-entry-content\"><div class=\"ultp-block-entry-heading\"><h3 class=\"ultp-block-title \"><a href=\"https:\/\/www.solucionurbana.com.co\/site\/2024\/01\/25\/propiedad-horizontal\/\" >Propiedad horizontal<\/a><\/h3><\/div><\/div><div class=\"ultp-block-content\"><div class=\"ultp-block-excerpt\"><p>Reglamentos de propiedad horizontal, planos de propiedad horizontal, asambleas de copropietarios, recibo de&hellip;<\/p>\n<\/div><div class=\"ultp-block-readmore\"><a aria-label=\"Propiedad horizontal\" href=\"https:\/\/www.solucionurbana.com.co\/site\/2024\/01\/25\/propiedad-horizontal\/\" >Leer m\u00e1s<svg xmlns=\"http:\/\/www.w3.org\/2000\/svg\" fill=\"none\" viewBox=\"0 0 24 24\">\n  <path stroke=\"currentColor\" stroke-linecap=\"round\" stroke-linejoin=\"round\" stroke-width=\"1.5\" d=\"m12 20.5 8.5-8.5m0 0L12 3.5m8.5 8.5h-17\"\/>\n<\/svg>\n<\/a><\/div><\/div><\/div><\/div><div class=\"ultp-block-item post-id-291\"><div class=\"ultp-block-content-wrap\"><div class=\"ultp-block-entry-content\"><div class=\"ultp-block-entry-heading\"><h3 class=\"ultp-block-title \"><a href=\"https:\/\/www.solucionurbana.com.co\/site\/2024\/01\/25\/permisos-y-licencias\/\" >Permisos y licencias<\/a><\/h3><\/div><\/div><div class=\"ultp-block-content\"><div class=\"ultp-block-excerpt\"><p>Asesor\u00eda jur\u00eddica en sus proyectos de construcci\u00f3n, tr\u00e1mites en curadur\u00eda y planeaci\u00f3n, licencias&hellip;<\/p>\n<\/div><div class=\"ultp-block-readmore\"><a aria-label=\"Permisos y licencias\" href=\"https:\/\/www.solucionurbana.com.co\/site\/2024\/01\/25\/permisos-y-licencias\/\" >Leer m\u00e1s<svg xmlns=\"http:\/\/www.w3.org\/2000\/svg\" fill=\"none\" viewBox=\"0 0 24 24\">\n  <path stroke=\"currentColor\" stroke-linecap=\"round\" stroke-linejoin=\"round\" stroke-width=\"1.5\" d=\"m12 20.5 8.5-8.5m0 0L12 3.5m8.5 8.5h-17\"\/>\n<\/svg>\n<\/a><\/div><\/div><\/div><\/div><div class=\"ultp-block-item post-id-289\"><div class=\"ultp-block-content-wrap\"><div class=\"ultp-block-entry-content\"><div class=\"ultp-block-entry-heading\"><h3 class=\"ultp-block-title \"><a href=\"https:\/\/www.solucionurbana.com.co\/site\/2024\/01\/25\/derecho-y-negocios-inmobiliarios\/\" >Derecho y negocios inmobiliarios<\/a><\/h3><\/div><\/div><div class=\"ultp-block-content\"><div class=\"ultp-block-excerpt\"><p>Derecho inmobiliario, Contratos para compra y venta de inmuebles, contratos y acuerdos para&hellip;<\/p>\n<\/div><div class=\"ultp-block-readmore\"><a aria-label=\"Derecho y negocios inmobiliarios\" href=\"https:\/\/www.solucionurbana.com.co\/site\/2024\/01\/25\/derecho-y-negocios-inmobiliarios\/\" >Leer m\u00e1s<svg xmlns=\"http:\/\/www.w3.org\/2000\/svg\" fill=\"none\" viewBox=\"0 0 24 24\">\n  <path stroke=\"currentColor\" stroke-linecap=\"round\" stroke-linejoin=\"round\" stroke-width=\"1.5\" d=\"m12 20.5 8.5-8.5m0 0L12 3.5m8.5 8.5h-17\"\/>\n<\/svg>\n<\/a><\/div><\/div><\/div><\/div><\/div><div class=\"ultp-pagination-wrap ultp-pagination-ajax-action\" data-paged=\"1\" data-expost=\"\"  data-blockid=\"e1cd58\" data-postid=\"306\" data-pages=\"1\" data-blockname=\"ultimate-post_post-list-1\" data-selfpostid=\"yes\"><\/div><\/div><div class=\"pagination-block-html\" aria-hidden=\"true\" style=\"display: none;\"><\/div><\/div><\/div>\n\n\n\n<div class=\"wp-block-column is-layout-flow wp-block-column-is-layout-flow\" style=\"flex-basis:30%\">\n<figure class=\"wp-block-image size-full\"><img fetchpriority=\"high\" decoding=\"async\" width=\"667\" height=\"1000\" src=\"https:\/\/solucionurbana.com.co\/site\/wp-content\/uploads\/2024\/01\/WhatsApp-Image-2024-01-04-at-14.51.29.jpeg\" alt=\"\" class=\"wp-image-307\" srcset=\"https:\/\/www.solucionurbana.com.co\/site\/wp-content\/uploads\/2024\/01\/WhatsApp-Image-2024-01-04-at-14.51.29.jpeg 667w, https:\/\/www.solucionurbana.com.co\/site\/wp-content\/uploads\/2024\/01\/WhatsApp-Image-2024-01-04-at-14.51.29-200x300.jpeg 200w, https:\/\/www.solucionurbana.com.co\/site\/wp-content\/uploads\/2024\/01\/WhatsApp-Image-2024-01-04-at-14.51.29-600x900.jpeg 600w\" sizes=\"(max-width: 667px) 100vw, 667px\" \/><\/figure>\n<\/div>\n<\/div>\n","protected":false},"excerpt":{"rendered":"","protected":false},"author":1,"featured_media":0,"parent":0,"menu_order":0,"comment_status":"closed","ping_status":"closed","template":"","meta":{"footnotes":""},"class_list":["post-306","page","type-page","status-publish","hentry"],"_links":{"self":[{"href":"https:\/\/www.solucionurbana.com.co\/site\/wp-json\/wp\/v2\/pages\/306","targetHints":{"allow":["GET"]}}],"collection":[{"href":"https:\/\/www.solucionurbana.com.co\/site\/wp-json\/wp\/v2\/pages"}],"about":[{"href":"https:\/\/www.solucionurbana.com.co\/site\/wp-json\/wp\/v2\/types\/page"}],"author":[{"embeddable":true,"href":"https:\/\/www.solucionurbana.com.co\/site\/wp-json\/wp\/v2\/users\/1"}],"replies":[{"embeddable":true,"href":"https:\/\/www.solucionurbana.com.co\/site\/wp-json\/wp\/v2\/comments?post=306"}],"version-history":[{"count":1,"href":"https:\/\/www.solucionurbana.com.co\/site\/wp-json\/wp\/v2\/pages\/306\/revisions"}],"predecessor-version":[{"id":308,"href":"https:\/\/www.solucionurbana.com.co\/site\/wp-json\/wp\/v2\/pages\/306\/revisions\/308"}],"wp:attachment":[{"href":"https:\/\/www.solucionurbana.com.co\/site\/wp-json\/wp\/v2\/media?parent=306"}],"curies":[{"name":"wp","href":"https:\/\/api.w.org\/{rel}","templated":true}]}}